{"id":28,"date":"2022-12-07T08:53:17","date_gmt":"2022-12-07T08:53:17","guid":{"rendered":"https:\/\/gingatransfer.com\/ginga\/?page_id=28"},"modified":"2023-02-09T10:14:22","modified_gmt":"2023-02-09T10:14:22","slug":"contacto","status":"publish","type":"page","link":"https:\/\/gingatransfer.com\/ginga\/index.php\/contacto\/","title":{"rendered":"GingaTransfer &#8211; Contactos"},"content":{"rendered":"\n<p>Privilegiando a Qualidade e Seguran\u00e7a dos servi\u00e7os prestados, com a capacidade de adicionar Valor Acrescentando ao utilizar parceiros de comprovada qualidade, a GingaTransfer mantem elevados padr\u00f5es de qualidade de servi\u00e7os, permanente apoio e dedica\u00e7\u00e3o ao Cliente.<\/p>\n\n\n\n<figure class=\"wp-block-image size-full is-resized\"><img loading=\"lazy\" decoding=\"async\" src=\"https:\/\/gingatransfer.com\/ginga\/wp-content\/uploads\/2022\/12\/mapa_GingaTransfer.jpg\" alt=\"\" class=\"wp-image-245\" width=\"450\" height=\"327\" srcset=\"https:\/\/gingatransfer.com\/ginga\/wp-content\/uploads\/2022\/12\/mapa_GingaTransfer.jpg 653w, https:\/\/gingatransfer.com\/ginga\/wp-content\/uploads\/2022\/12\/mapa_GingaTransfer-300x218.jpg 300w\" sizes=\"auto, (max-width: 450px) 100vw, 450px\" \/><\/figure>\n\n\n\n<p><strong>Ginga Transfer<\/strong><\/p>\n\n\n\n<p>Av. Ho Chi Minh, n\u00ba 363 R\/C<br>Luanda<\/p>\n\n\n\n<p>Tel.: 00244 922631154<\/p>\n\n\n\n<p>Email: <a rel=\"noreferrer noopener\" href=\"mailto:geral@gingatransfer.com\" target=\"_blank\">geral@gingatransfer.com<\/a><\/p>\n\n\n\n<p><\/p>\n","protected":false},"excerpt":{"rendered":"<p>Privilegiando a Qualidade e Seguran\u00e7a dos servi\u00e7os prestados, com a capacidade de adicionar Valor Acrescentando ao utilizar parceiros de comprovada qualidade, a GingaTransfer mantem elevados padr\u00f5es de qualidade de servi\u00e7os, permanente apoio e dedica\u00e7\u00e3o ao Cliente. Ginga Transfer Av. Ho Chi Minh, n\u00ba 363 R\/CLuanda Tel.: 00244 922631154 Email: geral@gingatransfer.com<\/p>\n","protected":false},"author":1,"featured_media":0,"parent":0,"menu_order":0,"comment_status":"closed","ping_status":"closed","template":"","meta":{"_ti_tpc_template_sync":false,"_ti_tpc_template_id":"","footnotes":""},"class_list":["post-28","page","type-page","status-publish","hentry"],"_links":{"self":[{"href":"https:\/\/gingatransfer.com\/ginga\/index.php\/wp-json\/wp\/v2\/pages\/28","targetHints":{"allow":["GET"]}}],"collection":[{"href":"https:\/\/gingatransfer.com\/ginga\/index.php\/wp-json\/wp\/v2\/pages"}],"about":[{"href":"https:\/\/gingatransfer.com\/ginga\/index.php\/wp-json\/wp\/v2\/types\/page"}],"author":[{"embeddable":true,"href":"https:\/\/gingatransfer.com\/ginga\/index.php\/wp-json\/wp\/v2\/users\/1"}],"replies":[{"embeddable":true,"href":"https:\/\/gingatransfer.com\/ginga\/index.php\/wp-json\/wp\/v2\/comments?post=28"}],"version-history":[{"count":15,"href":"https:\/\/gingatransfer.com\/ginga\/index.php\/wp-json\/wp\/v2\/pages\/28\/revisions"}],"predecessor-version":[{"id":283,"href":"https:\/\/gingatransfer.com\/ginga\/index.php\/wp-json\/wp\/v2\/pages\/28\/revisions\/283"}],"wp:attachment":[{"href":"https:\/\/gingatransfer.com\/ginga\/index.php\/wp-json\/wp\/v2\/media?parent=28"}],"curies":[{"name":"wp","href":"https:\/\/api.w.org\/{rel}","templated":true}]}}