{"id":261,"date":"2022-12-16T10:13:10","date_gmt":"2022-12-16T10:13:10","guid":{"rendered":"https:\/\/gingatransfer.com\/ginga\/?page_id=261"},"modified":"2022-12-16T10:48:26","modified_gmt":"2022-12-16T10:48:26","slug":"as-nossas-lojas","status":"publish","type":"page","link":"https:\/\/gingatransfer.com\/ginga\/index.php\/as-nossas-lojas\/","title":{"rendered":"GingaTransfer &#8211; Lojas"},"content":{"rendered":"\r\n<div class=\"wp-block-media-text alignwide is-stacked-on-mobile\">\r\n<figure class=\"wp-block-media-text__media\"><img loading=\"lazy\" decoding=\"async\" width=\"400\" height=\"311\" src=\"https:\/\/gingatransfer.com\/ginga\/wp-content\/uploads\/2022\/12\/IMG_1496_400x319.jpg\" alt=\"\" class=\"wp-image-103 size-full\" srcset=\"https:\/\/gingatransfer.com\/ginga\/wp-content\/uploads\/2022\/12\/IMG_1496_400x319.jpg 400w, https:\/\/gingatransfer.com\/ginga\/wp-content\/uploads\/2022\/12\/IMG_1496_400x319-300x233.jpg 300w\" sizes=\"auto, (max-width: 400px) 100vw, 400px\" \/><\/figure>\r\n<div class=\"wp-block-media-text__content\">\r\n<p><strong>Ginga Transfer<\/strong><\/p>\r\n<p><br \/><strong>Balc\u00e3o e Sede<br \/><\/strong>Av Ho Chi Minh, n\u00ba 363 R\/C<br \/>Luanda<\/p>\r\n<p>Telf.: 00244 922631154<\/p>\r\n<p>Email: <a href=\"mailto:geral@gingatransfer.com\">geral@gingatransfer.com<\/a><\/p>\r\n<figure class=\"wp-block-table\">\r\n<table>\r\n<tbody>\r\n<tr>\r\n<td>Uma rede global de transfer\u00eancias \u00e0 disposi\u00e7\u00e3o de cada cliente<br \/>Saiba onde estamos, fale connosco &#8211; esperamos por si<br \/>Qualidade e Seguran\u00e7a, permanente apoio e dedica\u00e7\u00e3o ao Cliente.<\/td>\r\n<\/tr>\r\n<\/tbody>\r\n<\/table>\r\n<\/figure>\r\n<\/div>\r\n<\/div>\r\n<p><a href=\"mailto:direcao.comercial@ordemjusta.com\"><\/a><\/p>\r\n<p>&nbsp;<\/p>\r\n","protected":false},"excerpt":{"rendered":"<p>Ginga Transfer Balc\u00e3o e SedeAv Ho Chi Minh, n\u00ba 363 R\/CLuanda Telf.: 00244 922631154 Email: geral@gingatransfer.com Uma rede global de transfer\u00eancias \u00e0 disposi\u00e7\u00e3o de cada clienteSaiba onde estamos, fale connosco &#8211; esperamos por siQualidade e Seguran\u00e7a, permanente apoio e dedica\u00e7\u00e3o ao Cliente. &nbsp;<\/p>\n","protected":false},"author":1,"featured_media":0,"parent":0,"menu_order":0,"comment_status":"closed","ping_status":"closed","template":"","meta":{"_ti_tpc_template_sync":false,"_ti_tpc_template_id":"","footnotes":""},"class_list":["post-261","page","type-page","status-publish","hentry"],"_links":{"self":[{"href":"https:\/\/gingatransfer.com\/ginga\/index.php\/wp-json\/wp\/v2\/pages\/261","targetHints":{"allow":["GET"]}}],"collection":[{"href":"https:\/\/gingatransfer.com\/ginga\/index.php\/wp-json\/wp\/v2\/pages"}],"about":[{"href":"https:\/\/gingatransfer.com\/ginga\/index.php\/wp-json\/wp\/v2\/types\/page"}],"author":[{"embeddable":true,"href":"https:\/\/gingatransfer.com\/ginga\/index.php\/wp-json\/wp\/v2\/users\/1"}],"replies":[{"embeddable":true,"href":"https:\/\/gingatransfer.com\/ginga\/index.php\/wp-json\/wp\/v2\/comments?post=261"}],"version-history":[{"count":7,"href":"https:\/\/gingatransfer.com\/ginga\/index.php\/wp-json\/wp\/v2\/pages\/261\/revisions"}],"predecessor-version":[{"id":310,"href":"https:\/\/gingatransfer.com\/ginga\/index.php\/wp-json\/wp\/v2\/pages\/261\/revisions\/310"}],"wp:attachment":[{"href":"https:\/\/gingatransfer.com\/ginga\/index.php\/wp-json\/wp\/v2\/media?parent=261"}],"curies":[{"name":"wp","href":"https:\/\/api.w.org\/{rel}","templated":true}]}}